{"id":11,"date":"2018-06-06T20:34:14","date_gmt":"2018-06-06T20:34:14","guid":{"rendered":"http:\/\/himmelsbach-schuttertal.de\/?page_id=11"},"modified":"2026-04-11T20:36:35","modified_gmt":"2026-04-11T19:36:35","slug":"ferienwohnung","status":"publish","type":"page","link":"https:\/\/himmelsbach-schuttertal.de\/?page_id=11","title":{"rendered":"Ferienwohnung"},"content":{"rendered":"\n<h2 class=\"wp-block-heading\">Allgemeines:<\/h2>\n\n\n\n<p>2-4 Personen, 74 qm, separater Eingang, ZH, geflieste B\u00f6den u. Parkett, rustikale Holzdecken, moderne M\u00f6bel<\/p>\n\n\n\n<p>2 Schlafzimmer, gem\u00fctliche Couchecke mit Sat-TV-Anschlu\u00df, Internet-Zugang, Telefon, 1 Einbauk\u00fcche mit E\u00dfplatz, 1 Dusche\/WC, 1 Abstellraum, \u00fcberdachte Terrasse, Gartenm\u00f6bel<\/p>\n\n\n\n<p>Parkplatz, Kinderspielplatz in der N\u00e4he, keine Haustiere erlaubt<\/p>\n\n\n\n<h2 class=\"wp-block-heading\">Sonstiges:<\/h2>\n\n\n\n<p>Bettw\u00e4sche, Handt\u00fccher, Duscht\u00fccher, K\u00fcchent\u00fccher<\/p>\n\n\n\n<p>Geschirr, Kaffeemaschine, Wasserkocher, Toaster, Brotmaschine, Radio, W\u00e4schest\u00e4nder, B\u00fcgelbrett, B\u00fcgeleisen<\/p>\n\n\n\n<p>Kinderbett, Kinderhochstuhl, Spiele<\/p>\n\n\n\n<p>Transfer zum DB<\/p>\n\n\n\n<figure class=\"wp-block-gallery has-nested-images columns-3 is-cropped wp-block-gallery-1 is-layout-flex wp-block-gallery-is-layout-flex\">\n<figure class=\"wp-block-image size-large\"><a href=\"http:\/\/himmelsbach-schuttertal.de\/wp-content\/uploads\/2022\/10\/Schlafen-Wohnen-scaled.jpg\"><img loading=\"lazy\" decoding=\"async\" width=\"1024\" height=\"576\" data-id=\"360\" src=\"http:\/\/himmelsbach-schuttertal.de\/wp-content\/uploads\/2022\/10\/Schlafen-Wohnen-1024x576.jpg\" alt=\"\" class=\"wp-image-360\" srcset=\"https:\/\/himmelsbach-schuttertal.de\/wp-content\/uploads\/2022\/10\/Schlafen-Wohnen-1024x576.jpg 1024w, https:\/\/himmelsbach-schuttertal.de\/wp-content\/uploads\/2022\/10\/Schlafen-Wohnen-300x169.jpg 300w, https:\/\/himmelsbach-schuttertal.de\/wp-content\/uploads\/2022\/10\/Schlafen-Wohnen-768x432.jpg 768w, https:\/\/himmelsbach-schuttertal.de\/wp-content\/uploads\/2022\/10\/Schlafen-Wohnen-1536x864.jpg 1536w, https:\/\/himmelsbach-schuttertal.de\/wp-content\/uploads\/2022\/10\/Schlafen-Wohnen-2048x1151.jpg 2048w\" sizes=\"auto, (max-width: 1024px) 100vw, 1024px\" \/><\/a><figcaption class=\"wp-element-caption\">Schlafen &#8211; Wohnen<\/figcaption><\/figure>\n\n\n\n<figure class=\"wp-block-image size-full\"><a href=\"https:\/\/himmelsbach-schuttertal.de\/wp-content\/uploads\/2022\/10\/20200915_165850-scaled.jpg\"><img loading=\"lazy\" decoding=\"async\" width=\"2560\" height=\"1920\" data-id=\"351\" src=\"https:\/\/himmelsbach-schuttertal.de\/wp-content\/uploads\/2022\/10\/20200915_165850-scaled.jpg\" alt=\"\" class=\"wp-image-351\" srcset=\"https:\/\/himmelsbach-schuttertal.de\/wp-content\/uploads\/2022\/10\/20200915_165850-scaled.jpg 2560w, https:\/\/himmelsbach-schuttertal.de\/wp-content\/uploads\/2022\/10\/20200915_165850-300x225.jpg 300w, https:\/\/himmelsbach-schuttertal.de\/wp-content\/uploads\/2022\/10\/20200915_165850-1024x768.jpg 1024w, https:\/\/himmelsbach-schuttertal.de\/wp-content\/uploads\/2022\/10\/20200915_165850-768x576.jpg 768w, https:\/\/himmelsbach-schuttertal.de\/wp-content\/uploads\/2022\/10\/20200915_165850-1536x1152.jpg 1536w, https:\/\/himmelsbach-schuttertal.de\/wp-content\/uploads\/2022\/10\/20200915_165850-2048x1536.jpg 2048w\" sizes=\"auto, (max-width: 2560px) 100vw, 2560px\" \/><\/a><figcaption class=\"wp-element-caption\">K\u00fcche mit Essplatz<\/figcaption><\/figure>\n\n\n\n<figure class=\"wp-block-image size-full\"><a href=\"https:\/\/himmelsbach-schuttertal.de\/wp-content\/uploads\/2022\/09\/fewo_1.jpg\"><img loading=\"lazy\" decoding=\"async\" width=\"1024\" height=\"768\" data-id=\"333\" src=\"https:\/\/himmelsbach-schuttertal.de\/wp-content\/uploads\/2022\/09\/fewo_1.jpg\" alt=\"\" class=\"wp-image-333\" srcset=\"https:\/\/himmelsbach-schuttertal.de\/wp-content\/uploads\/2022\/09\/fewo_1.jpg 1024w, https:\/\/himmelsbach-schuttertal.de\/wp-content\/uploads\/2022\/09\/fewo_1-300x225.jpg 300w, https:\/\/himmelsbach-schuttertal.de\/wp-content\/uploads\/2022\/09\/fewo_1-768x576.jpg 768w\" sizes=\"auto, (max-width: 1024px) 100vw, 1024px\" \/><\/a><figcaption class=\"wp-element-caption\">Wohnen<\/figcaption><\/figure>\n\n\n\n<figure class=\"wp-block-image size-full\"><a href=\"https:\/\/himmelsbach-schuttertal.de\/wp-content\/uploads\/2018\/06\/006_res.jpg\"><img loading=\"lazy\" decoding=\"async\" width=\"1980\" height=\"1113\" data-id=\"40\" src=\"https:\/\/himmelsbach-schuttertal.de\/wp-content\/uploads\/2018\/06\/006_res.jpg\" alt=\"\" class=\"wp-image-40\" srcset=\"https:\/\/himmelsbach-schuttertal.de\/wp-content\/uploads\/2018\/06\/006_res.jpg 1980w, https:\/\/himmelsbach-schuttertal.de\/wp-content\/uploads\/2018\/06\/006_res-300x169.jpg 300w, https:\/\/himmelsbach-schuttertal.de\/wp-content\/uploads\/2018\/06\/006_res-768x432.jpg 768w, https:\/\/himmelsbach-schuttertal.de\/wp-content\/uploads\/2018\/06\/006_res-1024x576.jpg 1024w\" sizes=\"auto, (max-width: 1980px) 100vw, 1980px\" \/><\/a><figcaption class=\"wp-element-caption\">Schlafen<\/figcaption><\/figure>\n\n\n\n<figure class=\"wp-block-image size-full\"><a href=\"https:\/\/himmelsbach-schuttertal.de\/wp-content\/uploads\/2022\/10\/DSC_0003-scaled.jpg\"><img loading=\"lazy\" decoding=\"async\" width=\"1439\" height=\"2560\" data-id=\"354\" src=\"https:\/\/himmelsbach-schuttertal.de\/wp-content\/uploads\/2022\/10\/DSC_0003-scaled.jpg\" alt=\"\" class=\"wp-image-354\" srcset=\"https:\/\/himmelsbach-schuttertal.de\/wp-content\/uploads\/2022\/10\/DSC_0003-scaled.jpg 1439w, https:\/\/himmelsbach-schuttertal.de\/wp-content\/uploads\/2022\/10\/DSC_0003-169x300.jpg 169w, https:\/\/himmelsbach-schuttertal.de\/wp-content\/uploads\/2022\/10\/DSC_0003-576x1024.jpg 576w, https:\/\/himmelsbach-schuttertal.de\/wp-content\/uploads\/2022\/10\/DSC_0003-768x1366.jpg 768w, https:\/\/himmelsbach-schuttertal.de\/wp-content\/uploads\/2022\/10\/DSC_0003-864x1536.jpg 864w, https:\/\/himmelsbach-schuttertal.de\/wp-content\/uploads\/2022\/10\/DSC_0003-1151x2048.jpg 1151w\" sizes=\"auto, (max-width: 1439px) 100vw, 1439px\" \/><\/a><figcaption class=\"wp-element-caption\">Bad<\/figcaption><\/figure>\n\n\n\n<figure class=\"wp-block-image size-full\"><a href=\"https:\/\/himmelsbach-schuttertal.de\/wp-content\/uploads\/2022\/10\/DSC_0004-scaled.jpg\"><img loading=\"lazy\" decoding=\"async\" width=\"1439\" height=\"2560\" data-id=\"355\" src=\"https:\/\/himmelsbach-schuttertal.de\/wp-content\/uploads\/2022\/10\/DSC_0004-scaled.jpg\" alt=\"\" class=\"wp-image-355\" srcset=\"https:\/\/himmelsbach-schuttertal.de\/wp-content\/uploads\/2022\/10\/DSC_0004-scaled.jpg 1439w, https:\/\/himmelsbach-schuttertal.de\/wp-content\/uploads\/2022\/10\/DSC_0004-169x300.jpg 169w, https:\/\/himmelsbach-schuttertal.de\/wp-content\/uploads\/2022\/10\/DSC_0004-576x1024.jpg 576w, https:\/\/himmelsbach-schuttertal.de\/wp-content\/uploads\/2022\/10\/DSC_0004-768x1366.jpg 768w, https:\/\/himmelsbach-schuttertal.de\/wp-content\/uploads\/2022\/10\/DSC_0004-864x1536.jpg 864w, https:\/\/himmelsbach-schuttertal.de\/wp-content\/uploads\/2022\/10\/DSC_0004-1151x2048.jpg 1151w\" sizes=\"auto, (max-width: 1439px) 100vw, 1439px\" \/><\/a><figcaption class=\"wp-element-caption\">Dusche<\/figcaption><\/figure>\n<\/figure>\n","protected":false},"excerpt":{"rendered":"<p>Allgemeines: 2-4 Personen, 74 qm, separater Eingang, ZH, geflieste B\u00f6den u. Parkett, rustikale Holzdecken, moderne M\u00f6bel 2 Schlafzimmer, gem\u00fctliche Couchecke mit Sat-TV-Anschlu\u00df, Internet-Zugang, Telefon, 1 Einbauk\u00fcche mit E\u00dfplatz, 1 Dusche\/WC, 1 Abstellraum, \u00fcberdachte Terrasse,&#46;&#46;&#46;<\/p>\n","protected":false},"author":1,"featured_media":0,"parent":0,"menu_order":0,"comment_status":"closed","ping_status":"closed","template":"","meta":{"footnotes":""},"class_list":["post-11","page","type-page","status-publish","hentry"],"_links":{"self":[{"href":"https:\/\/himmelsbach-schuttertal.de\/index.php?rest_route=\/wp\/v2\/pages\/11","targetHints":{"allow":["GET"]}}],"collection":[{"href":"https:\/\/himmelsbach-schuttertal.de\/index.php?rest_route=\/wp\/v2\/pages"}],"about":[{"href":"https:\/\/himmelsbach-schuttertal.de\/index.php?rest_route=\/wp\/v2\/types\/page"}],"author":[{"embeddable":true,"href":"https:\/\/himmelsbach-schuttertal.de\/index.php?rest_route=\/wp\/v2\/users\/1"}],"replies":[{"embeddable":true,"href":"https:\/\/himmelsbach-schuttertal.de\/index.php?rest_route=%2Fwp%2Fv2%2Fcomments&post=11"}],"version-history":[{"count":26,"href":"https:\/\/himmelsbach-schuttertal.de\/index.php?rest_route=\/wp\/v2\/pages\/11\/revisions"}],"predecessor-version":[{"id":398,"href":"https:\/\/himmelsbach-schuttertal.de\/index.php?rest_route=\/wp\/v2\/pages\/11\/revisions\/398"}],"wp:attachment":[{"href":"https:\/\/himmelsbach-schuttertal.de\/index.php?rest_route=%2Fwp%2Fv2%2Fmedia&parent=11"}],"curies":[{"name":"wp","href":"https:\/\/api.w.org\/{rel}","templated":true}]}}