{"id":2,"date":"2016-05-10T03:48:21","date_gmt":"2016-05-10T03:48:21","guid":{"rendered":"http:\/\/himmelsbach-schuttertal.de\/?page_id=2"},"modified":"2022-08-24T12:39:13","modified_gmt":"2022-08-24T12:39:13","slug":"sample-page","status":"publish","type":"page","link":"https:\/\/himmelsbach-schuttertal.de\/","title":{"rendered":"Willkommen"},"content":{"rendered":"\n<p><span class=\"fett\">Schuttertal<\/span> \u2013 Erholungsort am Westrand des mittleren Schwarzwaldes, nahe der oberrheinischen Tiefebene, 1.200 Einwohner.<br><span class=\"fett\">N\u00e4he Europa-Park Rust<\/span><\/p>\n\n\n\n<p><\/p>\n\n\n\n<div class=\"wp-block-media-text alignwide has-media-on-the-right is-stacked-on-mobile is-style-default\"><figure class=\"wp-block-media-text__media\"><img loading=\"lazy\" decoding=\"async\" width=\"1024\" height=\"683\" src=\"http:\/\/himmelsbach-schuttertal.de\/wp-content\/uploads\/2018\/06\/009_res-1024x683.jpg\" alt=\"\" class=\"wp-image-43 size-full\"\/><\/figure><div class=\"wp-block-media-text__content\">\n<p>Unber\u00fchrte Natur, eine reizvolle Landschaft, gr\u00fcne Wiesen, ausgedehnte Laub- und Nadelw\u00e4lder, sanfte H\u00f6henz\u00fcge, murmelnde B\u00e4che und saubere Luft bieten Erholung und Entspannung fernab vom Alltagsstre\u00df.<\/p>\n\n\n\n<p><span class=\"fett\">Unser Haus<\/span> \u2013 in sonniger Hanglage in einer ruhigen Seitenstra\u00dfe am Ortsrand ist umgeben von einer sehr gepflegten Au\u00dfenanlage mit vielen Blumen und Pflanzen.<\/p>\n\n\n\n<p>Unsere Ferienwohnung ist gem\u00fctlich eingerichtet, liebevoll dekoriert und bietet gen\u00fcgend Platz f\u00fcr 2-4 Personen.<br>Die idyllisch angelegte Terrasse mit Springbrunnen und mit Blick auf die das Tal umgebenden Berge, Wiesen und W\u00e4lder l\u00e4dt ein zum Erholen, Entspannen und die Natur genie\u00dfen.<\/p>\n<\/div><\/div>\n\n\n\n<p><span class=\"fett\"><\/span><\/p>\n","protected":false},"excerpt":{"rendered":"<p>Schuttertal \u2013 Erholungsort am Westrand des mittleren Schwarzwaldes, nahe der oberrheinischen Tiefebene, 1.200 Einwohner.N\u00e4he Europa-Park Rust Unber\u00fchrte Natur, eine reizvolle Landschaft, gr\u00fcne Wiesen, ausgedehnte Laub- und Nadelw\u00e4lder, sanfte H\u00f6henz\u00fcge, murmelnde B\u00e4che und saubere Luft&#46;&#46;&#46;<\/p>\n","protected":false},"author":1,"featured_media":0,"parent":0,"menu_order":0,"comment_status":"closed","ping_status":"closed","template":"","meta":{"footnotes":""},"class_list":["post-2","page","type-page","status-publish","hentry"],"_links":{"self":[{"href":"https:\/\/himmelsbach-schuttertal.de\/index.php?rest_route=\/wp\/v2\/pages\/2","targetHints":{"allow":["GET"]}}],"collection":[{"href":"https:\/\/himmelsbach-schuttertal.de\/index.php?rest_route=\/wp\/v2\/pages"}],"about":[{"href":"https:\/\/himmelsbach-schuttertal.de\/index.php?rest_route=\/wp\/v2\/types\/page"}],"author":[{"embeddable":true,"href":"https:\/\/himmelsbach-schuttertal.de\/index.php?rest_route=\/wp\/v2\/users\/1"}],"replies":[{"embeddable":true,"href":"https:\/\/himmelsbach-schuttertal.de\/index.php?rest_route=%2Fwp%2Fv2%2Fcomments&post=2"}],"version-history":[{"count":6,"href":"https:\/\/himmelsbach-schuttertal.de\/index.php?rest_route=\/wp\/v2\/pages\/2\/revisions"}],"predecessor-version":[{"id":262,"href":"https:\/\/himmelsbach-schuttertal.de\/index.php?rest_route=\/wp\/v2\/pages\/2\/revisions\/262"}],"wp:attachment":[{"href":"https:\/\/himmelsbach-schuttertal.de\/index.php?rest_route=%2Fwp%2Fv2%2Fmedia&parent=2"}],"curies":[{"name":"wp","href":"https:\/\/api.w.org\/{rel}","templated":true}]}}